{"id":20,"date":"2025-03-23T13:53:20","date_gmt":"2025-03-23T12:53:20","guid":{"rendered":"https:\/\/fejlesztes.szenkovitsdesign.hu\/?page_id=20"},"modified":"2025-03-23T13:53:37","modified_gmt":"2025-03-23T12:53:37","slug":"webdesign-szolgaltatasok","status":"publish","type":"page","link":"https:\/\/fejlesztes.szenkovitsdesign.hu\/?page_id=20","title":{"rendered":"Webdesign szolg\u00e1ltat\u00e1sok"},"content":{"rendered":"\n<p>Egyedi weboldalak \u00e9s landing oldalak k\u00e9sz\u00edt\u00e9se, \u00e9s SEO sz\u00f6veg\u00edr\u00e1s \u2013 v\u00e1llalkoz\u00e1sodra, a brandedre, \u00e9s a c\u00e9lk\u00f6z\u00f6ns\u00e9gedre szabva!<\/p>\n\n\n\n<p>Fedezd fel, miben seg\u00edthetek!<\/p>\n\n\n\n<!--more-->\n\n\n\n<h2 class=\"wp-block-heading vonal\">Webdesign szolg\u00e1ltat\u00e1sok v\u00e1llalkoz\u00e1soknak<\/h2>\n","protected":false},"excerpt":{"rendered":"<p>Egyedi weboldalak \u00e9s landing oldalak k\u00e9sz\u00edt\u00e9se, \u00e9s SEO sz\u00f6veg\u00edr\u00e1s \u2013 v\u00e1llalkoz\u00e1sodra, a brandedre, \u00e9s a c\u00e9lk\u00f6z\u00f6ns\u00e9gedre szabva! Fedezd fel, miben seg\u00edthetek!<\/p>\n","protected":false},"author":1,"featured_media":9,"parent":0,"menu_order":0,"comment_status":"closed","ping_status":"closed","template":"","meta":{"footnotes":""},"class_list":["post-20","page","type-page","status-publish","has-post-thumbnail","hentry"],"_links":{"self":[{"href":"https:\/\/fejlesztes.szenkovitsdesign.hu\/index.php?rest_route=\/wp\/v2\/pages\/20","targetHints":{"allow":["GET"]}}],"collection":[{"href":"https:\/\/fejlesztes.szenkovitsdesign.hu\/index.php?rest_route=\/wp\/v2\/pages"}],"about":[{"href":"https:\/\/fejlesztes.szenkovitsdesign.hu\/index.php?rest_route=\/wp\/v2\/types\/page"}],"author":[{"embeddable":true,"href":"https:\/\/fejlesztes.szenkovitsdesign.hu\/index.php?rest_route=\/wp\/v2\/users\/1"}],"replies":[{"embeddable":true,"href":"https:\/\/fejlesztes.szenkovitsdesign.hu\/index.php?rest_route=%2Fwp%2Fv2%2Fcomments&post=20"}],"version-history":[{"count":2,"href":"https:\/\/fejlesztes.szenkovitsdesign.hu\/index.php?rest_route=\/wp\/v2\/pages\/20\/revisions"}],"predecessor-version":[{"id":22,"href":"https:\/\/fejlesztes.szenkovitsdesign.hu\/index.php?rest_route=\/wp\/v2\/pages\/20\/revisions\/22"}],"wp:featuredmedia":[{"embeddable":true,"href":"https:\/\/fejlesztes.szenkovitsdesign.hu\/index.php?rest_route=\/wp\/v2\/media\/9"}],"wp:attachment":[{"href":"https:\/\/fejlesztes.szenkovitsdesign.hu\/index.php?rest_route=%2Fwp%2Fv2%2Fmedia&parent=20"}],"curies":[{"name":"wp","href":"https:\/\/api.w.org\/{rel}","templated":true}]}}