{"id":23,"date":"2025-03-23T13:55:51","date_gmt":"2025-03-23T12:55:51","guid":{"rendered":"https:\/\/fejlesztes.szenkovitsdesign.hu\/?page_id=23"},"modified":"2025-03-23T13:57:02","modified_gmt":"2025-03-23T12:57:02","slug":"webdesign-es-grafikai-portfolio","status":"publish","type":"page","link":"https:\/\/fejlesztes.szenkovitsdesign.hu\/?page_id=23","title":{"rendered":"Webdesign portf\u00f3li\u00f3"},"content":{"rendered":"\n<p>N\u00e9zd meg kor\u00e1bbi munk\u00e1imat, weboldal terveimet \u00e9s grafikai munk\u00e1imat!<\/p>\n\n\n\n<p>Fedezd fel a munk\u00e1imat<\/p>\n\n\n\n<!--more-->\n\n\n\n<h2 class=\"wp-block-heading vonal\">Webdesign portf\u00f3li\u00f3m \u00e9s egy\u00e9b grafikai munk\u00e1im<\/h2>\n","protected":false},"excerpt":{"rendered":"<p>N\u00e9zd meg kor\u00e1bbi munk\u00e1imat, weboldal terveimet \u00e9s grafikai munk\u00e1imat! Fedezd fel a munk\u00e1imat<\/p>\n","protected":false},"author":1,"featured_media":9,"parent":0,"menu_order":0,"comment_status":"closed","ping_status":"closed","template":"","meta":{"footnotes":""},"class_list":["post-23","page","type-page","status-publish","has-post-thumbnail","hentry"],"_links":{"self":[{"href":"https:\/\/fejlesztes.szenkovitsdesign.hu\/index.php?rest_route=\/wp\/v2\/pages\/23","targetHints":{"allow":["GET"]}}],"collection":[{"href":"https:\/\/fejlesztes.szenkovitsdesign.hu\/index.php?rest_route=\/wp\/v2\/pages"}],"about":[{"href":"https:\/\/fejlesztes.szenkovitsdesign.hu\/index.php?rest_route=\/wp\/v2\/types\/page"}],"author":[{"embeddable":true,"href":"https:\/\/fejlesztes.szenkovitsdesign.hu\/index.php?rest_route=\/wp\/v2\/users\/1"}],"replies":[{"embeddable":true,"href":"https:\/\/fejlesztes.szenkovitsdesign.hu\/index.php?rest_route=%2Fwp%2Fv2%2Fcomments&post=23"}],"version-history":[{"count":2,"href":"https:\/\/fejlesztes.szenkovitsdesign.hu\/index.php?rest_route=\/wp\/v2\/pages\/23\/revisions"}],"predecessor-version":[{"id":26,"href":"https:\/\/fejlesztes.szenkovitsdesign.hu\/index.php?rest_route=\/wp\/v2\/pages\/23\/revisions\/26"}],"wp:featuredmedia":[{"embeddable":true,"href":"https:\/\/fejlesztes.szenkovitsdesign.hu\/index.php?rest_route=\/wp\/v2\/media\/9"}],"wp:attachment":[{"href":"https:\/\/fejlesztes.szenkovitsdesign.hu\/index.php?rest_route=%2Fwp%2Fv2%2Fmedia&parent=23"}],"curies":[{"name":"wp","href":"https:\/\/api.w.org\/{rel}","templated":true}]}}