{"id":7,"date":"2025-03-22T17:36:08","date_gmt":"2025-03-22T16:36:08","guid":{"rendered":"https:\/\/fejlesztes.szenkovitsdesign.hu\/?page_id=7"},"modified":"2025-06-08T17:01:06","modified_gmt":"2025-06-08T15:01:06","slug":"rolam-herkutz-szenkovits-adrienn-vagyok-webdesigner-es-grafikus","status":"publish","type":"page","link":"https:\/\/fejlesztes.szenkovitsdesign.hu\/?page_id=7","title":{"rendered":"R\u00f3lam &#8211; Herkutz-Szenkovits Adrienn vagyok, webdesigner \u00e9s grafikus"},"content":{"rendered":"\n<div class=\"wp-block-cover alignfull has-white-color has-text-color has-link-color wp-elements-374d115112a84f6c98afb8694313f46f\" style=\"margin-top:0;margin-bottom:0;padding-top:12rem;padding-bottom:var(--wp--preset--spacing--xxxl)\"><img decoding=\"async\" class=\"wp-block-cover__image-background wp-image-2599\" alt=\"\" src=\"https:\/\/gutenberg.front-end.hu\/wp-content\/uploads\/group-people-working-website-template.jpg\" data-object-fit=\"cover\"\/><span aria-hidden=\"true\" class=\"wp-block-cover__background has-background-dim-90 has-background-dim wp-block-cover__gradient-background has-background-gradient has-gradient-primary-secondary-gradient-background\"><\/span><div class=\"wp-block-cover__inner-container has-global-padding is-layout-constrained wp-block-cover-is-layout-constrained\">\n<div class=\"wp-block-columns are-vertically-aligned-center is-layout-flex wp-container-core-columns-is-layout-28f84493 wp-block-columns-is-layout-flex\">\n<div class=\"wp-block-column is-vertically-aligned-center is-layout-flow wp-block-column-is-layout-flow\">\n<h1 class=\"wp-block-heading has-text-align-left\">R\u00f3lam &#8211; Herkutz-Szenkovits Adrienn vagyok, webdesigner \u00e9s grafikus<\/h1>\n\n\n\n<p>Egyedi tervez\u00e9s\u0171 weboldalakat k\u00e9sz\u00edtek v\u00e1llalkoz\u00f3k sz\u00e1m\u00e1ra. Honnan indultam, milyen volt a szakmai utam?<\/p>\n\n\n\n<div class=\"wp-block-buttons is-layout-flex wp-block-buttons-is-layout-flex\">\n<div class=\"wp-block-button\"><a class=\"wp-block-button__link wp-element-button\">fffff<\/a><\/div>\n<\/div>\n\n\n\n<div class=\"wp-block-buttons is-layout-flex wp-block-buttons-is-layout-flex\">\n<div class=\"wp-block-button\"><a class=\"wp-block-button__link wp-element-button\">bbbb<\/a><\/div>\n<\/div>\n\n\n\n<div class=\"wp-block-buttons is-layout-flex wp-block-buttons-is-layout-flex\">\n<div class=\"wp-block-button is-style-outline is-style-outline--1\"><a class=\"wp-block-button__link wp-element-button\">bbbb<\/a><\/div>\n<\/div>\n\n\n\n<div class=\"wp-block-buttons is-layout-flex wp-block-buttons-is-layout-flex\">\n<div class=\"wp-block-button is-style-outline is-style-outline--2\"><a class=\"wp-block-button__link wp-element-button\">fffff<\/a><\/div>\n<\/div>\n<\/div>\n\n\n\n<div class=\"wp-block-column is-vertically-aligned-center is-layout-flow wp-block-column-is-layout-flow\">\n<figure class=\"wp-block-image size-large has-custom-border\"><img loading=\"lazy\" decoding=\"async\" width=\"1024\" height=\"796\" src=\"https:\/\/fejlesztes.szenkovitsdesign.hu\/wp-content\/uploads\/2025\/03\/pillangohatas-podcast-bg-7-1024x796.jpeg\" alt=\"\" class=\"wp-image-9\" style=\"border-radius:20px\" srcset=\"https:\/\/fejlesztes.szenkovitsdesign.hu\/wp-content\/uploads\/2025\/03\/pillangohatas-podcast-bg-7-1024x796.jpeg 1024w, https:\/\/fejlesztes.szenkovitsdesign.hu\/wp-content\/uploads\/2025\/03\/pillangohatas-podcast-bg-7-300x233.jpeg 300w, https:\/\/fejlesztes.szenkovitsdesign.hu\/wp-content\/uploads\/2025\/03\/pillangohatas-podcast-bg-7-768x597.jpeg 768w, https:\/\/fejlesztes.szenkovitsdesign.hu\/wp-content\/uploads\/2025\/03\/pillangohatas-podcast-bg-7-1536x1194.jpeg 1536w, https:\/\/fejlesztes.szenkovitsdesign.hu\/wp-content\/uploads\/2025\/03\/pillangohatas-podcast-bg-7.jpeg 1920w\" sizes=\"auto, (max-width: 1024px) 100vw, 1024px\" \/><\/figure>\n<\/div>\n<\/div>\n<\/div><\/div>\n\n\n\n<div class=\"wp-block-columns is-layout-flex wp-container-core-columns-is-layout-28f84493 wp-block-columns-is-layout-flex\">\n<div class=\"wp-block-column is-layout-flow wp-block-column-is-layout-flow\">\n<h2 class=\"wp-block-heading\">Szakmai utam &#8211; a kezdetek<\/h2>\n\n\n\n<swiper-container class=\"wp-block-cb-slides\" pagination=\"true\" pagination-clickable=\"true\" effect=\"fade\" data-onslide=\"false\" data-focus=\"false\" slides-per-view=\"1\" slides-per-group=\"1\" space-between=\"0\" speed=\"600\" auto-height=\"true\" loop preload-images=\"true\" breakpoints=\"{&quot;0&quot;:{&quot;slidesPerView&quot;:1,&quot;spaceBetween&quot;:0},&quot;480&quot;:{&quot;slidesPerView&quot;:1,&quot;spaceBetween&quot;:0},&quot;1024&quot;:{&quot;slidesPerView&quot;:1,&quot;spaceBetween&quot;:0}}\" style=\"line-height:2\">\n<swiper-slide class=\"wp-block-cb-slide slide\" style=\"padding-bottom:var(--wp--preset--spacing--xl)\">\n<figure class=\"wp-block-image size-large\"><img loading=\"lazy\" decoding=\"async\" width=\"1024\" height=\"768\" src=\"https:\/\/fejlesztes.szenkovitsdesign.hu\/wp-content\/uploads\/2025\/06\/pillangohatas-podcast-mikrofonok-epizod-felvetel-6-1024x768.jpeg\" alt=\"\" class=\"wp-image-167\" srcset=\"https:\/\/fejlesztes.szenkovitsdesign.hu\/wp-content\/uploads\/2025\/06\/pillangohatas-podcast-mikrofonok-epizod-felvetel-6-1024x768.jpeg 1024w, https:\/\/fejlesztes.szenkovitsdesign.hu\/wp-content\/uploads\/2025\/06\/pillangohatas-podcast-mikrofonok-epizod-felvetel-6-300x225.jpeg 300w, https:\/\/fejlesztes.szenkovitsdesign.hu\/wp-content\/uploads\/2025\/06\/pillangohatas-podcast-mikrofonok-epizod-felvetel-6-768x576.jpeg 768w, https:\/\/fejlesztes.szenkovitsdesign.hu\/wp-content\/uploads\/2025\/06\/pillangohatas-podcast-mikrofonok-epizod-felvetel-6-1536x1152.jpeg 1536w, https:\/\/fejlesztes.szenkovitsdesign.hu\/wp-content\/uploads\/2025\/06\/pillangohatas-podcast-mikrofonok-epizod-felvetel-6.jpeg 1920w\" sizes=\"auto, (max-width: 1024px) 100vw, 1024px\" \/><\/figure>\n<\/swiper-slide>\n\n\n\n<swiper-slide class=\"wp-block-cb-slide slide\">\n<figure class=\"wp-block-image size-large\"><img loading=\"lazy\" decoding=\"async\" width=\"1024\" height=\"796\" src=\"https:\/\/fejlesztes.szenkovitsdesign.hu\/wp-content\/uploads\/2025\/03\/pillangohatas-podcast-bg-7-1024x796.jpeg\" alt=\"\" class=\"wp-image-9\" srcset=\"https:\/\/fejlesztes.szenkovitsdesign.hu\/wp-content\/uploads\/2025\/03\/pillangohatas-podcast-bg-7-1024x796.jpeg 1024w, https:\/\/fejlesztes.szenkovitsdesign.hu\/wp-content\/uploads\/2025\/03\/pillangohatas-podcast-bg-7-300x233.jpeg 300w, https:\/\/fejlesztes.szenkovitsdesign.hu\/wp-content\/uploads\/2025\/03\/pillangohatas-podcast-bg-7-768x597.jpeg 768w, https:\/\/fejlesztes.szenkovitsdesign.hu\/wp-content\/uploads\/2025\/03\/pillangohatas-podcast-bg-7-1536x1194.jpeg 1536w, https:\/\/fejlesztes.szenkovitsdesign.hu\/wp-content\/uploads\/2025\/03\/pillangohatas-podcast-bg-7.jpeg 1920w\" sizes=\"auto, (max-width: 1024px) 100vw, 1024px\" \/><\/figure>\n<\/swiper-slide>\n\n\n\n<swiper-slide class=\"wp-block-cb-slide slide\">\n<figure class=\"wp-block-image size-large\"><img loading=\"lazy\" decoding=\"async\" width=\"1024\" height=\"768\" src=\"https:\/\/fejlesztes.szenkovitsdesign.hu\/wp-content\/uploads\/2025\/06\/pillangohatas-podcast-mikrofonok-epizod-felvetel-8-1024x768.jpeg\" alt=\"\" class=\"wp-image-169\" srcset=\"https:\/\/fejlesztes.szenkovitsdesign.hu\/wp-content\/uploads\/2025\/06\/pillangohatas-podcast-mikrofonok-epizod-felvetel-8-1024x768.jpeg 1024w, https:\/\/fejlesztes.szenkovitsdesign.hu\/wp-content\/uploads\/2025\/06\/pillangohatas-podcast-mikrofonok-epizod-felvetel-8-300x225.jpeg 300w, https:\/\/fejlesztes.szenkovitsdesign.hu\/wp-content\/uploads\/2025\/06\/pillangohatas-podcast-mikrofonok-epizod-felvetel-8-768x576.jpeg 768w, https:\/\/fejlesztes.szenkovitsdesign.hu\/wp-content\/uploads\/2025\/06\/pillangohatas-podcast-mikrofonok-epizod-felvetel-8-1536x1152.jpeg 1536w, https:\/\/fejlesztes.szenkovitsdesign.hu\/wp-content\/uploads\/2025\/06\/pillangohatas-podcast-mikrofonok-epizod-felvetel-8.jpeg 1920w\" sizes=\"auto, (max-width: 1024px) 100vw, 1024px\" \/><\/figure>\n<\/swiper-slide>\n<\/swiper-container>\n\n\n\n<swiper-container class=\"wp-block-cb-slides\" navigation=\"true\" pagination=\"true\" pagination-clickable=\"true\" data-onslide=\"false\" data-focus=\"false\" slides-per-view=\"1\" slides-per-group=\"1\" space-between=\"0\" speed=\"600\" auto-height=\"true\" loop preload-images=\"true\" breakpoints=\"{&quot;0&quot;:{&quot;slidesPerView&quot;:1,&quot;spaceBetween&quot;:0},&quot;480&quot;:{&quot;slidesPerView&quot;:1,&quot;spaceBetween&quot;:0},&quot;1024&quot;:{&quot;slidesPerView&quot;:1,&quot;spaceBetween&quot;:0}}\">\n<swiper-slide class=\"wp-block-cb-slide slide\"><\/swiper-slide>\n<\/swiper-container>\n\n\n\n<p>A szakmai utam teljesen m\u00e1s ter\u00fcleten kezd\u0151d\u00f6tt, \u00e9s b\u00e1r mindig is szerettem alkotni (ez n\u00e1lunk csal\u00e1di hagyom\u00e1ny), el\u0151sz\u00f6r a<strong> HR ter\u00fcleten h<\/strong>elyezkedtem el. Sajnos itt nem tal\u00e1ltam meg \u00f6nmagam, \u00e9s b\u00e1r interj\u00faztatni szerettem, a munk\u00e1mban roham temp\u00f3ban \u00e9gtem ki. <a href=\"https:\/\/fejlesztes.szenkovitsdesign.hu\/?page_id=23\">Tudtam, hogy v\u00e1ltoztatnom<\/a> kell, \u00faj dolgot kell tanulnom, m\u00e1sfel\u00e9 kell karriert \u00e9p\u00edtenem. Elkezdem grafikusi tanfolyamokat keresni,\u00e9s v\u00e9g\u00fcl r\u00e1tal\u00e1ltam a Pixelgy\u00e1r webdesigner tanfolyam\u00e1ra, ahova azonnal beiratkoztam.<\/p>\n\n\n\n<p>Hamarosan el is tudtam helyezkedni egy webshopn\u00e1l mint designer, \u00e9s \u00fagy \u00e9reztem, j\u00f3 \u00faton j<strong>\u00e1rok. Im\u00e1<\/strong>dtam az eg\u00e9szet, de el\u0151bb ut\u00f3bb \u00fagy <strong>\u00e9reztem<\/strong>, ideje szintet l\u00e9pnem, ez\u00e9rt felmondtam \u00e9s saj\u00e1t v\u00e1llalkoz\u00e1sba kezdtem mint weboldal tervez\u0151 \u00e9s grafikus.<\/p>\n<\/div>\n\n\n\n<div class=\"wp-block-column is-layout-flow wp-block-column-is-layout-flow\"><\/div>\n<\/div>\n\n\n\n<div class=\"wp-block-columns is-layout-flex wp-container-core-columns-is-layout-28f84493 wp-block-columns-is-layout-flex\">\n<div class=\"wp-block-column is-layout-flow wp-block-column-is-layout-flow\">\n<div class=\"wp-block-cover has-custom-content-position is-position-bottom-center has-white-color has-text-color has-link-color wp-elements-6244ffe0c42ba0defd8088a31174347b wp-duotone-unset-4\" style=\"padding-top:var(--wp--preset--spacing--xxl);padding-right:var(--wp--preset--spacing--xxl);padding-bottom:var(--wp--preset--spacing--xxl);padding-left:var(--wp--preset--spacing--xxl);min-height:251px;aspect-ratio:unset;\"><img decoding=\"async\" class=\"wp-block-cover__image-background wp-image-2616\" alt=\"\" src=\"https:\/\/gutenberg.front-end.hu\/wp-content\/uploads\/6906.jpg\" data-object-fit=\"cover\"\/><span aria-hidden=\"true\" class=\"wp-block-cover__background has-background-dim-100 has-background-dim wp-block-cover__gradient-background has-background-gradient has-gradient-box-gradient-background\"><\/span><div class=\"wp-block-cover__inner-container is-layout-flow wp-block-cover-is-layout-flow\">\n<h3 class=\"wp-block-heading has-text-align-center has-white-color has-text-color\">Perfurm<\/h3>\n\n\n\n<hr class=\"wp-block-separator has-text-color has-white-color has-alpha-channel-opacity has-white-background-color has-background is-style-default\"\/>\n\n\n\n<div class=\"wp-block-buttons is-content-justification-center is-layout-flex wp-container-core-buttons-is-layout-b02886af wp-block-buttons-is-layout-flex\">\n<div class=\"wp-block-button aligncenter is-style-outline is-style-outline--3\"><a class=\"wp-block-button__link has-white-color has-text-color has-background wp-element-button\" style=\"background-color:#ffffff00\">Shop Now<\/a><\/div>\n<\/div>\n<\/div><\/div>\n<\/div>\n\n\n\n<div class=\"wp-block-column is-layout-flow wp-block-column-is-layout-flow\">\n<div class=\"wp-block-cover has-custom-content-position is-position-bottom-center wp-duotone-unset-6\" style=\"padding-top:var(--wp--preset--spacing--xxl);padding-right:var(--wp--preset--spacing--xxl);padding-bottom:var(--wp--preset--spacing--xxl);padding-left:var(--wp--preset--spacing--xxl);min-height:251px;aspect-ratio:unset;\"><img decoding=\"async\" class=\"wp-block-cover__image-background wp-image-2602\" alt=\"\" src=\"https:\/\/gutenberg.front-end.hu\/wp-content\/uploads\/8088.jpg\" data-object-fit=\"cover\"\/><span aria-hidden=\"true\" class=\"wp-block-cover__background has-background-dim-100 has-background-dim wp-block-cover__gradient-background has-background-gradient has-gradient-box-gradient-background\"><\/span><div class=\"wp-block-cover__inner-container is-layout-flow wp-block-cover-is-layout-flow\">\n<h3 class=\"wp-block-heading has-text-align-center has-white-color has-text-color\">High heel<\/h3>\n\n\n\n<hr class=\"wp-block-separator has-text-color has-white-color has-alpha-channel-opacity has-white-background-color has-background is-style-default\"\/>\n\n\n\n<div class=\"wp-block-buttons is-content-justification-center is-layout-flex wp-container-core-buttons-is-layout-b02886af wp-block-buttons-is-layout-flex\">\n<div class=\"wp-block-button aligncenter is-style-outline is-style-outline--5\"><a class=\"wp-block-button__link has-white-color has-text-color has-background wp-element-button\" style=\"background-color:#ffffff00\">Shop Now<\/a><\/div>\n<\/div>\n<\/div><\/div>\n<\/div>\n\n\n\n<div class=\"wp-block-column is-layout-flow wp-block-column-is-layout-flow\">\n<div class=\"wp-block-cover has-custom-content-position is-position-bottom-center wp-duotone-unset-8\" style=\"padding-top:var(--wp--preset--spacing--xxl);padding-right:var(--wp--preset--spacing--xxl);padding-bottom:var(--wp--preset--spacing--xxl);padding-left:var(--wp--preset--spacing--xxl);min-height:251px;aspect-ratio:unset;\"><img decoding=\"async\" class=\"wp-block-cover__image-background wp-image-2603\" alt=\"\" src=\"https:\/\/gutenberg.front-end.hu\/wp-content\/uploads\/4714.jpg\" data-object-fit=\"cover\"\/><span aria-hidden=\"true\" class=\"wp-block-cover__background has-background-dim-100 has-background-dim wp-block-cover__gradient-background has-background-gradient has-gradient-box-gradient-background\"><\/span><div class=\"wp-block-cover__inner-container is-layout-flow wp-block-cover-is-layout-flow\">\n<h3 class=\"wp-block-heading has-text-align-center has-white-color has-text-color\">Casual<\/h3>\n\n\n\n<hr class=\"wp-block-separator has-text-color has-white-color has-alpha-channel-opacity has-white-background-color has-background is-style-default\"\/>\n\n\n\n<div class=\"wp-block-buttons is-content-justification-center is-layout-flex wp-container-core-buttons-is-layout-b02886af wp-block-buttons-is-layout-flex\">\n<div class=\"wp-block-button aligncenter is-style-outline is-style-outline--7\"><a class=\"wp-block-button__link has-white-color has-text-color has-background wp-element-button\" style=\"background-color:#ffffff00\">Shop Now<\/a><\/div>\n<\/div>\n<\/div><\/div>\n<\/div>\n<\/div>\n\n\n\n<div class=\"wp-block-group has-gradient-bg-lineal-gradient-background has-background has-global-padding is-layout-constrained wp-container-core-group-is-layout-949e22b5 wp-block-group-is-layout-constrained\" style=\"padding-top:80px;padding-right:20px;padding-bottom:80px;padding-left:20px\">\n<div class=\"wp-block-columns is-layout-flex wp-container-core-columns-is-layout-28f84493 wp-block-columns-is-layout-flex\">\n<div class=\"wp-block-column is-layout-flow wp-block-column-is-layout-flow\" style=\"flex-basis:80%\">\n<h2 class=\"wp-block-heading has-text-color has-link-color wp-elements-8769c4c11cbc5bb6b74b3d2b83bcea6b\" style=\"color:#ffffff\">We Are Hiring!<\/h2>\n\n\n\n<p class=\"has-text-color has-link-color wp-elements-f7fa759b62bd3878f9c7a346c6256f2d\" style=\"color:#ffffff\">Lorem ipsum dolor sit amet, consectetur adipiscing elit.<\/p>\n<\/div>\n\n\n\n<div class=\"wp-block-column is-vertically-aligned-center is-layout-flow wp-block-column-is-layout-flow\" style=\"flex-basis:20%\">\n<div class=\"wp-block-buttons is-layout-flex wp-block-buttons-is-layout-flex\">\n<div class=\"wp-block-button is-style-secondary-button\"><a class=\"wp-block-button__link has-primary-color has-white-background-color has-text-color has-background has-link-color wp-element-button\"><strong>Join Our Team<\/strong><\/a><\/div>\n<\/div>\n<\/div>\n<\/div>\n<\/div>\n\n\n\n<div class=\"wp-block-columns is-layout-flex wp-container-core-columns-is-layout-28f84493 wp-block-columns-is-layout-flex\">\n<div class=\"wp-block-column is-layout-flow wp-block-column-is-layout-flow\">\n<p>fot\u00f3 r\u00f3lam<\/p>\n<\/div>\n\n\n\n<div class=\"wp-block-column is-layout-flow wp-block-column-is-layout-flow\">\n<h2 class=\"wp-block-heading\">Webdesigner v\u00e1llalkoz\u00e1som<\/h2>\n\n\n\n<p>2020 tavasz\u00e1n el is kezdtem a v\u00e1llalkoz\u00f3i l\u00e9tet, \u00e9s elmondhatom, hogy megtal\u00e1ltam azt, amit <strong>szeretek, a<\/strong>mi\u00e9rt \u00e9rdemes reggelente felkelni.<\/p>\n\n\n\n<p>Ha visszatekintek, l\u00e1tom, hogy mekkora utat tettem meg, \u00e9s m\u00e9g mennyi van el\u0151ttem. Nagyon szeretem amit csin\u00e1lok, a projekteket, az \u00e1lom \u00fcgyfeleket, a kih\u00edv\u00e1sokat. M\u00e9g akkor is szeretem, mikor azt mondom hogy nem \ud83d\ude00 Mert nem csin\u00e1ln\u00e9k m\u00e1st. Minden nap tanulok valami \u00fajat, igyekszem folyamatosan fejl\u0151dni. A projektek lelkes\u00edtenek, \u00e9s olyan emberekkel, t\u00e1rsakkal vettem k\u00f6rbe magamat, akikkel igaz\u00e1n tudok kapcsol\u00f3dni.<\/p>\n\n\n\n<p>Szolg\u00e1ltat\u00e1sok ter\u00e9n meg kellett tal\u00e1lnom az utamat, amivel igaz\u00e1n szeretek foglalkozni, \u00e9s ez jelenleg a weboldal k\u00e9sz\u00edt\u00e9s. R\u00e9gebben k\u00e9sz\u00edtettem log\u00f3kat is, t\u00f6bb esk\u00fcv\u0151re grafik\u00e1kat, illetve sok posztot, kamp\u00e1nyt, bannert, pdf-et, de r\u00e1 kellett j\u00f6nn\u00f6m, hogy ezek m\u00e1r nem visznek el\u0151re, \u00edgy ezeket csak egy k\u00e9t \u00fcgyfelem sz\u00e1m\u00e1ra k\u00e9sz\u00edtem el.&nbsp;<\/p>\n\n\n\n<p>A weboldal k\u00e9sz\u00edt\u00e9s mag\u00e1ban foglalja a designt \u00e9s a fejleszt\u00e9st is, \u00e9s sz\u00e1momra ez nagy szabads\u00e1got ad a munka sor\u00e1n. De k\u00e9sz\u00edtek weboldalakat Elementorban is, amennyiben az \u00fcgyf\u00e9lnek ez lenne az ig\u00e9nye. Webdesignerk\u00e9nt mindig \u00fcgyelek a reszponzivit\u00e1sra, a haszn\u00e1lhat\u00f3s\u00e1gra, a felhaszn\u00e1l\u00f3i \u00e9lm\u00e9nyre, a megfelel\u0151 funkci\u00f3kra, \u00e9s a weboldal c\u00e9lj\u00e1ra. De nem csak a design \u00e9s a fejleszt\u00e9s a fontos, hanem a tartalom is, \u00e9ppen ez\u00e9rt egy\u00fcttm\u0171k\u00f6d\u00f6m egy SEO sz\u00f6veg\u00edr\u00f3val, <a href=\"https:\/\/banguratimi.hu\/\" target=\"_blank\" rel=\"noreferrer noopener\">Bangura Timivel<\/a>, hogy m\u00e9g jobb weboldalakat tudjak k\u00e9sz\u00edteni partnereimnek.<\/p>\n\n\n\n<p>Szakmailag sokat fejl\u0151dtem, igaz\u00e1b\u00f3l ebben a szakm\u00e1ban a folyamatos tanul\u00e1s elengedhetetlen. Az egyik ilyen ter\u00fclet, amit nagyon megkedveltem a tanul\u00e1s sor\u00e1n, az a technikai SEO ter\u00fclete, hiszen egy weboldaln\u00e1l nem csak az a fontos, hogy sz\u00e9p legyen, hanem hogy a SEO be\u00e1ll\u00edt\u00e1sok is magas szinten legyenek. Sz\u00e1momra minden projekt fontos, egyszerre csak n\u00e9h\u00e1ny weboldalon dolgozom, hogy maxim\u00e1lisan oda tudjak figyelni.<\/p>\n\n\n\n<p>Dolgozzunk egy\u00fctt!<\/p>\n<\/div>\n<\/div>\n\n\n\n<div class=\"wp-block-columns is-layout-flex wp-container-core-columns-is-layout-28f84493 wp-block-columns-is-layout-flex\">\n<div class=\"wp-block-column is-layout-flow wp-block-column-is-layout-flow\">\n<h2 class=\"wp-block-heading\">Mag\u00e1n\u00e9letben<\/h2>\n\n\n\n<p>Szerencs\u00e9re \u00e9n el\u00e9g j\u00f3l tudom tartani a munka-mag\u00e1n\u00e9let egyens\u00falyt. Elv\u00e9gre annyi mindent lehet csin\u00e1lni az \u00e9letben!<\/p>\n\n\n\n<p>Az egyik legkedvesebb hobbim az olvas\u00e1s. Rengeteget olvasok, mindenf\u00e9le t\u00e9m\u00e1ban. Szeretek s\u00fctni \u00e9s f\u0151zni, \u00e9s szeretem az \u00faj \u00edzeket. A k\u00fcl\u00f6nf\u00e9le alkot\u00f3 tev\u00e9kenys\u00e9g a munk\u00e1n k\u00edv\u00fcl is megjelenik, hol festek, hol h\u00edmzek, hogy gy\u00f6ngy\u00f6kb\u0151l k\u00e9sz\u00edtek val<strong>amit, \u00e9ppen <\/strong>mihez van kedvem. A m\u0171v\u00e9szet sz\u00e1momra nagyon fontos, teljesen kikapcsol, a lelki b\u00e9ke megtart\u00e1s\u00e1hoz szerintem sz\u00fcks\u00e9ges.<\/p>\n\n\n\n<p>A sport is elengedhetetlen r\u00e9sze az \u00e9letemnek. Krav-Mag\u00e1t tanulok m\u00e1r j\u00f3 p\u00e1r \u00e9ve, \u00e9s nagyon \u00e9lvezem! R\u00e1ad\u00e1sul m\u00e1r t\u00f6bb Krav-Maga workshopon is seg\u00e9dkeztem, ami k\u00fcl\u00f6n felemel\u0151 \u00e9lm\u00e9ny volt. A sport seg\u00edt a stressz levezet\u00e9s\u00e9ben, egyb\u0151l helyrebillent, ha \u00e9ppen rossz passzban vagyok. R\u00e1ad\u00e1sul az eg\u00e9szs\u00e9gmeg\u0151rz\u00e9sben is fontos.<\/p>\n\n\n\n<p>A legf\u0151bb hobbim az utaz\u00e1s, \u00e9s pers<strong>ze ez a le<\/strong>gk\u00f6lts\u00e9gesebb is. Szeretek \u00faj helyeket felfedezni, vil\u00e1got l\u00e1tni, mindenf\u00e9le \u00e9telt megk\u00f3stolni. Ilyenkor nem dolgozom, ezt nagyon szigor\u00faan be is tartom, az utaz\u00e1sok sor\u00e1n a pihen\u00e9sen \u00e9s az \u00faj kalandokon van a hangs\u00faly.<\/p>\n\n\n\n<p>Egy nagyon izgalmas projekt az \u00e9letemben, hogy a <a href=\"https:\/\/pillangohataspodcast.hu\/\" target=\"_blank\" rel=\"noreferrer noopener\">Pillang\u00f3hat\u00e1s Podcast<\/a> egyik h\u00e1<strong>zigazd\u00e1ja leh<\/strong>etek. Mikor a bar\u00e1tn\u0151m, aki egyben koll\u00e9gan\u0151m is felvetette, egyszerre volt ijeszt\u0151 \u00e9s izgalmas gondolat. Nagyon boldog vagyok, hogy belev\u00e1gtunk! Itt nem csak mint webdesigner \u00e9s sz\u00f6veg\u00edr\u00f3, hanem mint v\u00e1llalkoz\u00f3k is besz\u00e9lget\u00fcnk k\u00fcl\u00f6nf\u00e9le t\u00e9m\u00e1kr\u00f3l.<\/p>\n\n\n\n<p>Illetve a f\u00e9rjemmel \u00f6r\u00f6kbe fogadtunk egy cic\u00e1t, Lun\u00e1t. A kis dorombol\u00f3 masina rengeteg pozit\u00edvat ad nek\u00fcnk a mindennapokban, \u00e9s minden megbesz\u00e9l\u00e9sen r\u00e9szt vesz \u00e9s megmutatja mag\u00e1t a kamer\u00e1nak. Mindig nagy sikert arat!<\/p>\n\n\n\n<p>B\u00edzd r\u00e1m a webdesign \u00e9s grafikai munk\u00e1kat!<\/p>\n\n\n\n<p>Dolgozzunk egy\u00fctt<\/p>\n<\/div>\n\n\n\n<div class=\"wp-block-column is-layout-flow wp-block-column-is-layout-flow\">\n<p>fot\u00f3 r\u00f3lam<\/p>\n<\/div>\n<\/div>\n","protected":false},"excerpt":{"rendered":"<p>Szakmai utam &#8211; a kezdetek A szakmai utam teljesen m\u00e1s ter\u00fcleten kezd\u0151d\u00f6tt, \u00e9s b\u00e1r mindig is szerettem alkotni (ez n\u00e1lunk csal\u00e1di hagyom\u00e1ny), el\u0151sz\u00f6r a HR ter\u00fcleten helyezkedtem el. Sajnos itt nem tal\u00e1ltam meg \u00f6nmagam, \u00e9s b\u00e1r interj\u00faztatni szerettem, a munk\u00e1mban roham temp\u00f3ban \u00e9gtem ki. Tudtam, hogy v\u00e1ltoztatnom kell, \u00faj dolgot kell tanulnom, m\u00e1sfel\u00e9 kell karriert [&hellip;]<\/p>\n","protected":false},"author":1,"featured_media":9,"parent":0,"menu_order":0,"comment_status":"closed","ping_status":"closed","template":"","meta":{"footnotes":""},"class_list":["post-7","page","type-page","status-publish","has-post-thumbnail","hentry"],"_links":{"self":[{"href":"https:\/\/fejlesztes.szenkovitsdesign.hu\/index.php?rest_route=\/wp\/v2\/pages\/7","targetHints":{"allow":["GET"]}}],"collection":[{"href":"https:\/\/fejlesztes.szenkovitsdesign.hu\/index.php?rest_route=\/wp\/v2\/pages"}],"about":[{"href":"https:\/\/fejlesztes.szenkovitsdesign.hu\/index.php?rest_route=\/wp\/v2\/types\/page"}],"author":[{"embeddable":true,"href":"https:\/\/fejlesztes.szenkovitsdesign.hu\/index.php?rest_route=\/wp\/v2\/users\/1"}],"replies":[{"embeddable":true,"href":"https:\/\/fejlesztes.szenkovitsdesign.hu\/index.php?rest_route=%2Fwp%2Fv2%2Fcomments&post=7"}],"version-history":[{"count":45,"href":"https:\/\/fejlesztes.szenkovitsdesign.hu\/index.php?rest_route=\/wp\/v2\/pages\/7\/revisions"}],"predecessor-version":[{"id":188,"href":"https:\/\/fejlesztes.szenkovitsdesign.hu\/index.php?rest_route=\/wp\/v2\/pages\/7\/revisions\/188"}],"wp:featuredmedia":[{"embeddable":true,"href":"https:\/\/fejlesztes.szenkovitsdesign.hu\/index.php?rest_route=\/wp\/v2\/media\/9"}],"wp:attachment":[{"href":"https:\/\/fejlesztes.szenkovitsdesign.hu\/index.php?rest_route=%2Fwp%2Fv2%2Fmedia&parent=7"}],"curies":[{"name":"wp","href":"https:\/\/api.w.org\/{rel}","templated":true}]}}